{"id":482,"date":"2024-04-09T10:51:39","date_gmt":"2024-04-09T08:51:39","guid":{"rendered":"https:\/\/bikeguru.lt\/?page_id=482"},"modified":"2024-04-09T10:51:39","modified_gmt":"2024-04-09T08:51:39","slug":"grazinimo-taisykles","status":"publish","type":"page","link":"https:\/\/bikeguru.lt\/index.php\/grazinimo-taisykles\/","title":{"rendered":"Gra\u017einimo taisykl\u0117s"},"content":{"rendered":"\n<p>Jeigu j\u016bs nusipirkote i\u0161 m\u016bs\u0173 parduotuv\u0117s, ir norite su\u017einoti apie m\u016bs\u0173 pinig\u0173 gr\u0105\u017einimo politik\u0105, pra\u0161ome perskaityti \u0161i\u0105 informacij\u0105:<\/p>\n\n\n\n<ul>\n<li>Jeigu j\u016bs norite gr\u0105\u017einti prek\u0119 d\u0117l kokios nors prie\u017easties, turite tai padaryti per 14 dien\u0173 nuo prek\u0117s gavimo datos.<\/li>\n\n\n\n<li>Prek\u0117 turi b\u016bti gr\u0105\u017einta originalioje, nenaudotoje b\u016bkl\u0117je, su visomis prid\u0117tomis dalimis ir pakuot\u0117mis, kurias gavote su preke.<\/li>\n\n\n\n<li>Jeigu prek\u0117 buvo sugadinta arba yra defekt\u0173, &nbsp;privalo prane\u0161ti pardav\u0117jui apie prek\u0117s kokyb\u0117s reikalavim\u0173 neatitikt\u012f ne v\u0117liau kaip&nbsp;<em>per tris m\u0117nesius<\/em>&nbsp;nuo neatitikties aptikimo dienos.<\/li>\n\n\n\n<li>Jeigu gr\u0105\u017einate prek\u0119 d\u0117l to, kad ji yra defektuota arba sugadinta, mes padengsime gr\u0105\u017einimo i\u0161laidas. Ta\u010diau, jeigu prek\u0119 gr\u0105\u017einate d\u0117l kit\u0173 prie\u017eas\u010di\u0173, toki\u0173 kaip pvz. nepatinka spalva, dydis ir pan., tada gr\u0105\u017einimo i\u0161laidas tur\u0117site apmok\u0117ti patys.<\/li>\n\n\n\n<li>Gr\u0105\u017einant prek\u0119, mums reikalingas pirkimo kvitas arba s\u0105skaita-fakt\u016bra, tod\u0117l pra\u0161ome nepamir\u0161ti atsi\u0173sti \u0161i\u0173 dokument\u0173 kartu su preke.<\/li>\n\n\n\n<li>Mes gr\u0105\u017einsime jums pinigus per 14 dien\u0173 nuo tos dienos, kai gavome prek\u0119 ir patikrinome, ar ji yra originalioje b\u016bkl\u0117je.<\/li>\n<\/ul>\n\n\n\n<p>Jei turite bet koki\u0173 klausim\u0173 arba reikia pagalbos, susisiekite su mumis el. pa\u0161tu arba telefonu, kurie yra nurodyti m\u016bs\u0173 parduotuv\u0117s svetain\u0117je.<\/p>\n\n\n\n<p>Remiantis Lietuvos Respublikos vartotoj\u0173 teisi\u0173 apsaugos \u012fstatymo 5 straipsnio 4 dalyje nustatytais reikalavimais, informuojame, kad m\u016bs\u0173 interneto svetain\u0117je pateikiama esmin\u0117 informacija apie vartojimo gin\u010d\u0173 neteisminio sprendimo subjektus. \u0160ie subjektai yra \u012fgalioti ir kompetentingi spr\u0119sti vartojimo gin\u010dus, susijusius su m\u016bs\u0173 teikiamomis prek\u0117mis ir (arba) paslaugomis.<\/p>\n\n\n\n<p>Pa\u017eymime, kad vadovaujantis Civilinio kodekso 6.364<sup>3&nbsp;<\/sup>straipsnio 4 dalimi, vartotojui nutraukus pirkimo\u2013pardavimo sutart\u012f (d\u0117l netinkamos prek\u0117s kokyb\u0117s): 1) vartotojas turi gr\u0105\u017einti pardav\u0117jui prek\u0119 pardav\u0117jo s\u0105skaita; 2) pardav\u0117jas, gav\u0119s sugr\u0105\u017eint\u0105 prek\u0119 arba vartotojo pateiktus \u012frodymus, kad prek\u0117 buvo i\u0161si\u0173sta, turi ne v\u0117liau kaip per keturiolika dien\u0173 gr\u0105\u017einti vartotojui u\u017e prek\u0119 sumok\u0117t\u0105 kain\u0105, \u012fskaitant vartotojo apmok\u0117tas preki\u0173 pristatymo i\u0161laidas.<\/p>\n\n\n\n<p>Teis\u0117s aktai nenumato vartotojui pareigos kreipiantis d\u0117l galimai netinkamos kokyb\u0117s prek\u0117s i\u0161saugoti prek\u0117s originali\u0105 tvarking\u0105 pakuot\u0119 ir j\u0105 pateikti pardav\u0117jui. Kreipimosi d\u0117l galimai netinkamos kokyb\u0117s prek\u0117s atveju svarbu i\u0161saugoti ir tur\u0117ti prek\u0117s pirkim\u0105 patvirtinant\u012f dokument\u0105 ar jo kopij\u0105.<\/p>\n\n\n\n<p>Pateikti ir vis\u0105 kit\u0105 reikaling\u0105 informacij\u0105, vadovaujantis teis\u0117s aktais.<\/p>\n\n\n\n<p><strong>Visi atsakymai \u012f vartotojo pretenzijas ir&nbsp; paklausimus pateikiami ne v\u0117liau kaip per 14 d.<\/strong><\/p>\n\n\n\n<p>Vartojimo gin\u010d\u0173 neteisminio sprendimo subjektai, kuri\u0173 paslaugomis galima naudotis esant nesutarimams ar gin\u010dams, yra pasiekiami kontaktais:&nbsp;<\/p>\n\n\n\n<p><strong>Konsultacijos ir informacija telefonu bei elektroniniu pa\u0161tu:<\/strong><\/p>\n\n\n\n<p>Pirmadieniais \u2013 ketvirtadieniais &#8211; nuo 8.00 iki 17.00 val.<\/p>\n\n\n\n<p>Penktadieniais \u2013 nuo 8.00 iki 15.45 val.<\/p>\n\n\n\n<p>Konsultacijos asmenims teikiamos el. pa\u0161tu:&nbsp;<a href=\"mailto:%6b%6f%6e%73%75%6c%74%61%63%69%6a%6f%73%40%76%76%74%61%74%2e%6c%74\">konsultacijos@vvtat.lt<\/a>&nbsp;ir tel. (85) 262 6760. Arba per EGS platform\u0105 http:\/\/ec.europa.eu\/odr\/<\/p>\n\n\n","protected":false},"excerpt":{"rendered":"<p>Jeigu j\u016bs nusipirkote i\u0161 m\u016bs\u0173 parduotuv\u0117s, ir norite su\u017einoti apie m\u016bs\u0173 pinig\u0173 gr\u0105\u017einimo politik\u0105, pra\u0161ome perskaityti \u0161i\u0105 informacij\u0105: Jei turite bet koki\u0173 klausim\u0173 arba reikia pagalbos, susisiekite su mumis el. pa\u0161tu arba telefonu, kurie yra nurodyti m\u016bs\u0173 parduotuv\u0117s svetain\u0117je. Remiantis Lietuvos Respublikos vartotoj\u0173 teisi\u0173 apsaugos \u012fstatymo 5 straipsnio 4 dalyje nustatytais reikalavimais, informuojame, kad m\u016bs\u0173 [&#8230;]\n","protected":false},"author":1,"featured_media":0,"parent":0,"menu_order":0,"comment_status":"closed","ping_status":"closed","template":"","meta":{"footnotes":""},"yoast_head":"<!-- This site is optimized with the Yoast SEO plugin v22.4 - https:\/\/yoast.com\/wordpress\/plugins\/seo\/ -->\n<title>Gra\u017einimo taisykl\u0117s - bikeguru.lt<\/title>\n<meta name=\"robots\" content=\"index, follow, max-snippet:-1, max-image-preview:large, max-video-preview:-1\" \/>\n<link rel=\"canonical\" href=\"https:\/\/bikeguru.lt\/index.php\/grazinimo-taisykles\/\" \/>\n<meta property=\"og:locale\" content=\"lt_LT\" \/>\n<meta property=\"og:type\" content=\"article\" \/>\n<meta property=\"og:title\" content=\"Gra\u017einimo taisykl\u0117s - bikeguru.lt\" \/>\n<meta property=\"og:description\" content=\"Jeigu j\u016bs nusipirkote i\u0161 m\u016bs\u0173 parduotuv\u0117s, ir norite su\u017einoti apie m\u016bs\u0173 pinig\u0173 gr\u0105\u017einimo politik\u0105, pra\u0161ome perskaityti \u0161i\u0105 informacij\u0105: Jei turite bet koki\u0173 klausim\u0173 arba reikia pagalbos, susisiekite su mumis el. pa\u0161tu arba telefonu, kurie yra nurodyti m\u016bs\u0173 parduotuv\u0117s svetain\u0117je. Remiantis Lietuvos Respublikos vartotoj\u0173 teisi\u0173 apsaugos \u012fstatymo 5 straipsnio 4 dalyje nustatytais reikalavimais, informuojame, kad m\u016bs\u0173 [...]\" \/>\n<meta property=\"og:url\" content=\"https:\/\/bikeguru.lt\/index.php\/grazinimo-taisykles\/\" \/>\n<meta property=\"og:site_name\" content=\"bikeguru.lt\" \/>\n<meta name=\"twitter:card\" content=\"summary_large_image\" \/>\n<meta name=\"twitter:label1\" content=\"Est. reading time\" \/>\n\t<meta name=\"twitter:data1\" content=\"2 minut\u0117s\" \/>\n<script type=\"application\/ld+json\" class=\"yoast-schema-graph\">{\"@context\":\"https:\/\/schema.org\",\"@graph\":[{\"@type\":\"WebPage\",\"@id\":\"https:\/\/bikeguru.lt\/index.php\/grazinimo-taisykles\/\",\"url\":\"https:\/\/bikeguru.lt\/index.php\/grazinimo-taisykles\/\",\"name\":\"Gra\u017einimo taisykl\u0117s - bikeguru.lt\",\"isPartOf\":{\"@id\":\"https:\/\/bikeguru.lt\/#website\"},\"datePublished\":\"2024-04-09T08:51:39+00:00\",\"dateModified\":\"2024-04-09T08:51:39+00:00\",\"breadcrumb\":{\"@id\":\"https:\/\/bikeguru.lt\/index.php\/grazinimo-taisykles\/#breadcrumb\"},\"inLanguage\":\"lt-LT\",\"potentialAction\":[{\"@type\":\"ReadAction\",\"target\":[\"https:\/\/bikeguru.lt\/index.php\/grazinimo-taisykles\/\"]}]},{\"@type\":\"BreadcrumbList\",\"@id\":\"https:\/\/bikeguru.lt\/index.php\/grazinimo-taisykles\/#breadcrumb\",\"itemListElement\":[{\"@type\":\"ListItem\",\"position\":1,\"name\":\"Home\",\"item\":\"https:\/\/bikeguru.lt\/\"},{\"@type\":\"ListItem\",\"position\":2,\"name\":\"Gra\u017einimo taisykl\u0117s\"}]},{\"@type\":\"WebSite\",\"@id\":\"https:\/\/bikeguru.lt\/#website\",\"url\":\"https:\/\/bikeguru.lt\/\",\"name\":\"bikeguru.lt\",\"description\":\"TIEMS, KAS NORI, KOKYBI\u0160KAI NUGYVENTI MAKSIMAL\u0172 KIEK\u012e LAIMING\u0172 DIEN\u0172\",\"potentialAction\":[{\"@type\":\"SearchAction\",\"target\":{\"@type\":\"EntryPoint\",\"urlTemplate\":\"https:\/\/bikeguru.lt\/?s={search_term_string}\"},\"query-input\":\"required name=search_term_string\"}],\"inLanguage\":\"lt-LT\"}]}<\/script>\n<!-- \/ Yoast SEO plugin. -->","yoast_head_json":{"title":"Gra\u017einimo taisykl\u0117s - bikeguru.lt","robots":{"index":"index","follow":"follow","max-snippet":"max-snippet:-1","max-image-preview":"max-image-preview:large","max-video-preview":"max-video-preview:-1"},"canonical":"https:\/\/bikeguru.lt\/index.php\/grazinimo-taisykles\/","og_locale":"lt_LT","og_type":"article","og_title":"Gra\u017einimo taisykl\u0117s - bikeguru.lt","og_description":"Jeigu j\u016bs nusipirkote i\u0161 m\u016bs\u0173 parduotuv\u0117s, ir norite su\u017einoti apie m\u016bs\u0173 pinig\u0173 gr\u0105\u017einimo politik\u0105, pra\u0161ome perskaityti \u0161i\u0105 informacij\u0105: Jei turite bet koki\u0173 klausim\u0173 arba reikia pagalbos, susisiekite su mumis el. pa\u0161tu arba telefonu, kurie yra nurodyti m\u016bs\u0173 parduotuv\u0117s svetain\u0117je. Remiantis Lietuvos Respublikos vartotoj\u0173 teisi\u0173 apsaugos \u012fstatymo 5 straipsnio 4 dalyje nustatytais reikalavimais, informuojame, kad m\u016bs\u0173 [...]","og_url":"https:\/\/bikeguru.lt\/index.php\/grazinimo-taisykles\/","og_site_name":"bikeguru.lt","twitter_card":"summary_large_image","twitter_misc":{"Est. reading time":"2 minut\u0117s"},"schema":{"@context":"https:\/\/schema.org","@graph":[{"@type":"WebPage","@id":"https:\/\/bikeguru.lt\/index.php\/grazinimo-taisykles\/","url":"https:\/\/bikeguru.lt\/index.php\/grazinimo-taisykles\/","name":"Gra\u017einimo taisykl\u0117s - bikeguru.lt","isPartOf":{"@id":"https:\/\/bikeguru.lt\/#website"},"datePublished":"2024-04-09T08:51:39+00:00","dateModified":"2024-04-09T08:51:39+00:00","breadcrumb":{"@id":"https:\/\/bikeguru.lt\/index.php\/grazinimo-taisykles\/#breadcrumb"},"inLanguage":"lt-LT","potentialAction":[{"@type":"ReadAction","target":["https:\/\/bikeguru.lt\/index.php\/grazinimo-taisykles\/"]}]},{"@type":"BreadcrumbList","@id":"https:\/\/bikeguru.lt\/index.php\/grazinimo-taisykles\/#breadcrumb","itemListElement":[{"@type":"ListItem","position":1,"name":"Home","item":"https:\/\/bikeguru.lt\/"},{"@type":"ListItem","position":2,"name":"Gra\u017einimo taisykl\u0117s"}]},{"@type":"WebSite","@id":"https:\/\/bikeguru.lt\/#website","url":"https:\/\/bikeguru.lt\/","name":"bikeguru.lt","description":"TIEMS, KAS NORI, KOKYBI\u0160KAI NUGYVENTI MAKSIMAL\u0172 KIEK\u012e LAIMING\u0172 DIEN\u0172","potentialAction":[{"@type":"SearchAction","target":{"@type":"EntryPoint","urlTemplate":"https:\/\/bikeguru.lt\/?s={search_term_string}"},"query-input":"required name=search_term_string"}],"inLanguage":"lt-LT"}]}},"_links":{"self":[{"href":"https:\/\/bikeguru.lt\/index.php\/wp-json\/wp\/v2\/pages\/482"}],"collection":[{"href":"https:\/\/bikeguru.lt\/index.php\/wp-json\/wp\/v2\/pages"}],"about":[{"href":"https:\/\/bikeguru.lt\/index.php\/wp-json\/wp\/v2\/types\/page"}],"author":[{"embeddable":true,"href":"https:\/\/bikeguru.lt\/index.php\/wp-json\/wp\/v2\/users\/1"}],"replies":[{"embeddable":true,"href":"https:\/\/bikeguru.lt\/index.php\/wp-json\/wp\/v2\/comments?post=482"}],"version-history":[{"count":1,"href":"https:\/\/bikeguru.lt\/index.php\/wp-json\/wp\/v2\/pages\/482\/revisions"}],"predecessor-version":[{"id":483,"href":"https:\/\/bikeguru.lt\/index.php\/wp-json\/wp\/v2\/pages\/482\/revisions\/483"}],"wp:attachment":[{"href":"https:\/\/bikeguru.lt\/index.php\/wp-json\/wp\/v2\/media?parent=482"}],"curies":[{"name":"wp","href":"https:\/\/api.w.org\/{rel}","templated":true}]}}